{"id":753,"date":"2017-05-10T23:23:50","date_gmt":"2017-05-10T21:23:50","guid":{"rendered":"http:\/\/gabrielgranger.com\/?page_id=753"},"modified":"2025-01-12T20:42:28","modified_gmt":"2025-01-12T19:42:28","slug":"radio","status":"publish","type":"page","link":"https:\/\/gabrielgranger.com\/index.php\/radio\/","title":{"rendered":"Radio"},"content":{"rendered":"<div  class=\"tatsu-gl8k9l48uw9v7das tatsu-section    tatsu-clearfix\" data-title=\"\"  data-headerscheme=\"background--dark\"><div class='tatsu-section-pad clearfix' data-padding='{\"d\":\"90px 0px 15px 0px\"}' data-padding-top='90px'><div class=\"tatsu-row-wrap  tatsu-wrap tatsu-row-one-col tatsu-row-has-one-cols tatsu-medium-gutter tatsu-reg-cols  tatsu-clearfix tatsu-gl8k9l48wk2j0i3w\" ><div  class=\"tatsu-row \" ><div  class=\"tatsu-column  tatsu-one-col tatsu-column-image-none tatsu-column-effect-none  tatsu-gl8k9l48ymag20ef\"  data-parallax-speed=\"0\" style=\"\"><div class=\"tatsu-column-inner \" ><div class=\"tatsu-column-pad-wrap\"><div class=\"tatsu-column-pad\" ><div  class=\" tatsu-gl8k9l4901f27aqb special-heading-wrap style5 oshine-module align-center\"  ><div class=\"special-heading \"><h1 class=\"special-h-tag\">RADIO<\/h1><\/div><style>.tatsu-gl8k9l4901f27aqb .special-h-tag{color: rgba(248,242,242,100) ;}<\/style><\/div><\/div><\/div><div class = \"tatsu-column-bg-image-wrap\"><div class = \"tatsu-column-bg-image\" ><\/div><\/div><\/div><style>.tatsu-row > .tatsu-gl8k9l48ymag20ef.tatsu-column{width: 100%;}.tatsu-gl8k9l48ymag20ef.tatsu-column > .tatsu-column-inner{background-color: rgba(124,143,165,100);}.tatsu-gl8k9l48ymag20ef.tatsu-column > .tatsu-column-inner > .tatsu-column-overlay{mix-blend-mode: none;}.tatsu-gl8k9l48ymag20ef > .tatsu-column-inner > .tatsu-top-divider{z-index: 9999;}.tatsu-gl8k9l48ymag20ef > .tatsu-column-inner > .tatsu-bottom-divider{z-index: 9999;}.tatsu-gl8k9l48ymag20ef > .tatsu-column-inner > .tatsu-left-divider{z-index: 9999;}.tatsu-gl8k9l48ymag20ef > .tatsu-column-inner > .tatsu-right-divider{z-index: 9999;}<\/style><\/div><\/div><\/div><\/div><div class=\"tatsu-section-background-wrap\"><div class = \"tatsu-section-background\" ><\/div><\/div><style>.tatsu-gl8k9l48uw9v7das.tatsu-section{background-color: rgba(124,143,165,1);}.tatsu-gl8k9l48uw9v7das .tatsu-section-pad{padding: 90px 0px 15px 0px;}.tatsu-gl8k9l48uw9v7das > .tatsu-bottom-divider{z-index: 9999;}.tatsu-gl8k9l48uw9v7das > .tatsu-top-divider{z-index: 9999;}<\/style><\/div><div  class=\"tatsu-gl8k9l490w9ohr9 tatsu-section    tatsu-clearfix\" data-title=\"\"  data-headerscheme=\"background--dark\"><div class='tatsu-section-pad clearfix' data-padding='{\"d\":\"90px 0px 90px 0px\"}' data-padding-top='90px'><div class=\"tatsu-row-wrap  tatsu-wrap tatsu-row-one-col tatsu-row-has-one-cols tatsu-medium-gutter tatsu-reg-cols  tatsu-clearfix tatsu-gl8k9l49299qtyls\" ><div  class=\"tatsu-row \" ><div  class=\"tatsu-column  tatsu-column-no-bg tatsu-one-col tatsu-column-image-none tatsu-column-effect-none  tatsu-gl8k9l493yb121kh\"  data-parallax-speed=\"0\" style=\"\"><div class=\"tatsu-column-inner \" ><div class=\"tatsu-column-pad-wrap\"><div class=\"tatsu-column-pad\" ><div  class=\"tatsu-module tatsu-text-block-wrap tatsu-gl8k9l495c2hpm9i  \"><div class=\"tatsu-text-inner tatsu-align-center  clearfix\" ><style>.tatsu-gl8k9l495c2hpm9i.tatsu-text-block-wrap .tatsu-text-inner{width: 100%;text-align: left;}<\/style><audio class=\"wp-audio-shortcode\" id=\"audio-753-1\" preload=\"none\" style=\"width: 100%;\" controls=\"controls\"><source type=\"audio\/mpeg\" src=\"http:\/\/gabrielgranger.com\/wp-content\/uploads\/2017\/02\/Premiere_urgence_Darfour.mp3?_=1\" \/><a href=\"http:\/\/gabrielgranger.com\/wp-content\/uploads\/2017\/02\/Premiere_urgence_Darfour.mp3\">http:\/\/gabrielgranger.com\/wp-content\/uploads\/2017\/02\/Premiere_urgence_Darfour.mp3<\/a><\/audio><\/p>\n<h6><span style=\"color: #ffffff;\">Premi\u00e8re Urgence (camps Darfour)<\/span><\/h6>\n<\/div><\/div><div  class=\"tatsu-module tatsu-text-block-wrap tatsu-gl8k9l496v4sxkkq  \"><div class=\"tatsu-text-inner tatsu-align-center  clearfix\" ><style>.tatsu-gl8k9l496v4sxkkq.tatsu-text-block-wrap .tatsu-text-inner{width: 100%;text-align: left;}<\/style><audio class=\"wp-audio-shortcode\" id=\"audio-753-2\" preload=\"none\" style=\"width: 100%;\" controls=\"controls\"><source type=\"audio\/mpeg\" src=\"http:\/\/gabrielgranger.com\/wp-content\/uploads\/2017\/02\/Premiere_urgence_Haiti.mp3?_=2\" \/><a href=\"http:\/\/gabrielgranger.com\/wp-content\/uploads\/2017\/02\/Premiere_urgence_Haiti.mp3\">http:\/\/gabrielgranger.com\/wp-content\/uploads\/2017\/02\/Premiere_urgence_Haiti.mp3<\/a><\/audio><\/p>\n<h6><span style=\"color: #ffffff;\">Premi\u00e8re Urgence (s\u00e9isme Ha\u00efti)<\/span><\/h6>\n<\/div><\/div><div  class=\"tatsu-module tatsu-text-block-wrap tatsu-gl8k9l497o32wef0  \"><div class=\"tatsu-text-inner tatsu-align-center  clearfix\" ><style>.tatsu-gl8k9l497o32wef0.tatsu-text-block-wrap .tatsu-text-inner{width: 100%;text-align: left;}<\/style><audio class=\"wp-audio-shortcode\" id=\"audio-753-3\" preload=\"none\" style=\"width: 100%;\" controls=\"controls\"><source type=\"audio\/mpeg\" src=\"http:\/\/gabrielgranger.com\/wp-content\/uploads\/2017\/02\/118-218-spot-1.mp3?_=3\" \/><a href=\"http:\/\/gabrielgranger.com\/wp-content\/uploads\/2017\/02\/118-218-spot-1.mp3\">http:\/\/gabrielgranger.com\/wp-content\/uploads\/2017\/02\/118-218-spot-1.mp3<\/a><\/audio><\/p>\n<h6><span style=\"color: #ffffff;\">118 218 CSP + spot 1<\/span><\/h6>\n<\/div><\/div><div  class=\"tatsu-module tatsu-text-block-wrap tatsu-gl8k9l498g49oj41  \"><div class=\"tatsu-text-inner tatsu-align-center  clearfix\" ><style>.tatsu-gl8k9l498g49oj41.tatsu-text-block-wrap .tatsu-text-inner{width: 100%;text-align: left;}<\/style><audio class=\"wp-audio-shortcode\" id=\"audio-753-4\" preload=\"none\" style=\"width: 100%;\" controls=\"controls\"><source type=\"audio\/mpeg\" src=\"http:\/\/gabrielgranger.com\/wp-content\/uploads\/2017\/02\/118-218-spot-2.mp3?_=4\" \/><a href=\"http:\/\/gabrielgranger.com\/wp-content\/uploads\/2017\/02\/118-218-spot-2.mp3\">http:\/\/gabrielgranger.com\/wp-content\/uploads\/2017\/02\/118-218-spot-2.mp3<\/a><\/audio><\/p>\n<h6><span style=\"color: #ffffff;\">118 218 CSP + spot 2<\/span><\/h6>\n<\/div><\/div><div  class=\"tatsu-module tatsu-text-block-wrap tatsu-gl8k9l499caccerv  \"><div class=\"tatsu-text-inner tatsu-align-center  clearfix\" ><style>.tatsu-gl8k9l499caccerv.tatsu-text-block-wrap .tatsu-text-inner{width: 100%;text-align: left;}<\/style><audio class=\"wp-audio-shortcode\" id=\"audio-753-5\" preload=\"none\" style=\"width: 100%;\" controls=\"controls\"><source type=\"audio\/mpeg\" src=\"http:\/\/gabrielgranger.com\/wp-content\/uploads\/2017\/02\/Spot-4-Atlantic-Sweet_Control_05102010.mp3?_=5\" \/><a href=\"http:\/\/gabrielgranger.com\/wp-content\/uploads\/2017\/02\/Spot-4-Atlantic-Sweet_Control_05102010.mp3\">http:\/\/gabrielgranger.com\/wp-content\/uploads\/2017\/02\/Spot-4-Atlantic-Sweet_Control_05102010.mp3<\/a><\/audio><\/p>\n<h6><span style=\"color: #ffffff;\">Atlantic Sweet Control<\/span><\/h6>\n<\/div><\/div><div  class=\"tatsu-module tatsu-text-block-wrap tatsu-gl8k9l49a6d7obk4  \"><div class=\"tatsu-text-inner tatsu-align-center  clearfix\" ><style>.tatsu-gl8k9l49a6d7obk4.tatsu-text-block-wrap .tatsu-text-inner{width: 100%;text-align: left;}<\/style><audio class=\"wp-audio-shortcode\" id=\"audio-753-6\" preload=\"none\" style=\"width: 100%;\" controls=\"controls\"><source type=\"audio\/mpeg\" src=\"http:\/\/gabrielgranger.com\/wp-content\/uploads\/2017\/02\/Spot-1-Atlantic-pac-hybridev1b.mp3?_=6\" \/><a href=\"http:\/\/gabrielgranger.com\/wp-content\/uploads\/2017\/02\/Spot-1-Atlantic-pac-hybridev1b.mp3\">http:\/\/gabrielgranger.com\/wp-content\/uploads\/2017\/02\/Spot-1-Atlantic-pac-hybridev1b.mp3<\/a><\/audio><\/p>\n<h6><span style=\"color: #ffffff;\">Atlantic PAC Hybride<\/span><\/h6>\n<\/div><\/div><div  class=\"tatsu-module tatsu-text-block-wrap tatsu-gl8k9l49aw9q95dh  \"><div class=\"tatsu-text-inner tatsu-align-center  clearfix\" ><style>.tatsu-gl8k9l49aw9q95dh.tatsu-text-block-wrap .tatsu-text-inner{width: 100%;text-align: left;}<\/style><audio class=\"wp-audio-shortcode\" id=\"audio-753-7\" preload=\"none\" style=\"width: 100%;\" controls=\"controls\"><source type=\"audio\/mpeg\" src=\"http:\/\/gabrielgranger.com\/wp-content\/uploads\/2017\/02\/Atlantic-Climatisation-Reversible_V2.mp3?_=7\" \/><a href=\"http:\/\/gabrielgranger.com\/wp-content\/uploads\/2017\/02\/Atlantic-Climatisation-Reversible_V2.mp3\">http:\/\/gabrielgranger.com\/wp-content\/uploads\/2017\/02\/Atlantic-Climatisation-Reversible_V2.mp3<\/a><\/audio><\/p>\n<h6><span style=\"color: #ffffff;\">Atlantic climatisation r\u00e9versible<\/span><\/h6>\n<\/div><\/div><div  class=\"tatsu-module tatsu-text-block-wrap tatsu-gl8k9l49bm2auhe8  \"><div class=\"tatsu-text-inner tatsu-align-center  clearfix\" ><style>.tatsu-gl8k9l49bm2auhe8.tatsu-text-block-wrap .tatsu-text-inner{width: 100%;text-align: left;}<\/style><audio class=\"wp-audio-shortcode\" id=\"audio-753-8\" preload=\"none\" style=\"width: 100%;\" controls=\"controls\"><source type=\"audio\/mpeg\" src=\"http:\/\/gabrielgranger.com\/wp-content\/uploads\/2017\/02\/Mix-Chaudiere-v2.mp3?_=8\" \/><a href=\"http:\/\/gabrielgranger.com\/wp-content\/uploads\/2017\/02\/Mix-Chaudiere-v2.mp3\">http:\/\/gabrielgranger.com\/wp-content\/uploads\/2017\/02\/Mix-Chaudiere-v2.mp3<\/a><\/audio><\/p>\n<h6><span style=\"color: #ffffff;\">Atlantic chaudi\u00e8re \u00e0 condensation<\/span><\/h6>\n<\/div><\/div><\/div><\/div><div class = \"tatsu-column-bg-image-wrap\"><div class = \"tatsu-column-bg-image\" ><\/div><\/div><\/div><style>.tatsu-row > .tatsu-gl8k9l493yb121kh.tatsu-column{width: 100%;}.tatsu-gl8k9l493yb121kh.tatsu-column > .tatsu-column-inner > .tatsu-column-overlay{mix-blend-mode: none;}.tatsu-gl8k9l493yb121kh > .tatsu-column-inner > .tatsu-top-divider{z-index: 9999;}.tatsu-gl8k9l493yb121kh > .tatsu-column-inner > .tatsu-bottom-divider{z-index: 9999;}.tatsu-gl8k9l493yb121kh > .tatsu-column-inner > .tatsu-left-divider{z-index: 9999;}.tatsu-gl8k9l493yb121kh > .tatsu-column-inner > .tatsu-right-divider{z-index: 9999;}<\/style><\/div><\/div><\/div><\/div><div class=\"tatsu-section-background-wrap\"><div class = \"tatsu-section-background\" ><\/div><\/div><style>.tatsu-gl8k9l490w9ohr9 .tatsu-section-background{background-image: url(http:\/\/gabrielgranger.com\/wp-content\/uploads\/2017\/05\/radio-retouch\u00e9e-2.jpg);background-repeat: no-repeat;background-attachment: scroll;background-position: top left;background-size: cover;}.tatsu-gl8k9l490w9ohr9 .tatsu-bg-blur{background-repeat: no-repeat;background-attachment: scroll;background-position: top left;background-size: cover;}.tatsu-gl8k9l490w9ohr9 .tatsu-section-pad{padding: 90px 0px 90px 0px;}.tatsu-gl8k9l490w9ohr9 > .tatsu-bottom-divider{z-index: 9999;}.tatsu-gl8k9l490w9ohr9 > .tatsu-top-divider{z-index: 9999;}<\/style><\/div>\n","protected":false},"excerpt":{"rendered":"<p><a href=\"https:\/\/gabrielgranger.com\/index.php\/radio\/\" class=\"more-link style1-button\">Read More<\/a><\/p>","protected":false},"author":1,"featured_media":0,"parent":0,"menu_order":0,"comment_status":"closed","ping_status":"closed","template":"","meta":{"footnotes":""},"class_list":["post-753","page","type-page","status-publish","hentry"],"_links":{"self":[{"href":"https:\/\/gabrielgranger.com\/index.php\/wp-json\/wp\/v2\/pages\/753","targetHints":{"allow":["GET"]}}],"collection":[{"href":"https:\/\/gabrielgranger.com\/index.php\/wp-json\/wp\/v2\/pages"}],"about":[{"href":"https:\/\/gabrielgranger.com\/index.php\/wp-json\/wp\/v2\/types\/page"}],"author":[{"embeddable":true,"href":"https:\/\/gabrielgranger.com\/index.php\/wp-json\/wp\/v2\/users\/1"}],"replies":[{"embeddable":true,"href":"https:\/\/gabrielgranger.com\/index.php\/wp-json\/wp\/v2\/comments?post=753"}],"version-history":[{"count":28,"href":"https:\/\/gabrielgranger.com\/index.php\/wp-json\/wp\/v2\/pages\/753\/revisions"}],"predecessor-version":[{"id":1280,"href":"https:\/\/gabrielgranger.com\/index.php\/wp-json\/wp\/v2\/pages\/753\/revisions\/1280"}],"wp:attachment":[{"href":"https:\/\/gabrielgranger.com\/index.php\/wp-json\/wp\/v2\/media?parent=753"}],"curies":[{"name":"wp","href":"https:\/\/api.w.org\/{rel}","templated":true}]}}